{"id":17496,"date":"2024-12-03T15:00:04","date_gmt":"2024-12-03T10:00:04","guid":{"rendered":"https:\/\/rawmusicstore.com\/soundlab\/?post_type=product&#038;p=17496"},"modified":"2024-12-03T15:49:00","modified_gmt":"2024-12-03T10:49:00","slug":"oto-machines-bebe-cherie-analog-mixer","status":"publish","type":"product","link":"https:\/\/rawmusicstore.com\/soundlab\/product\/oto-machines-bebe-cherie-analog-mixer\/","title":{"rendered":"OTO Machines B\u00c9B\u00c9 CH\u00c9RIE Analog Mixer"},"content":{"rendered":"<p>The first 4 channels offer a variable input gain (up to 34 dB) with an asymmetrical diode clipper for smooth and musical distortion. The Tilt pot is a simple yet powerful one-knob equalizer : boosting the lows while attenuating the highs when the pot is turned down, attenuating the lows while boosting the highs when the pot is turned up. When the Tilt pot is in its center position, the equalizer is flat. The rear panel switch selects the type of inputs : TRS for stereo sources and TS for mono (the signal is center panned).<\/p>\n<p>The last 2 channels include a 2 bands Baxandall equalizer, the input gain can be set between 0 and +10 dB using the rear panel switch. There\u2019s no distortion on these 2 channels so you can use them when you want to keep a clean sound.<\/p>\n<p>The compressor has a 3:1 ratio with a fast attack and a mid release times, perfect for mixdown compression. Very easy to operate, it will give you good results with many kinds of music styles. The Bliss pot controls a hi frequency enhancer circuit and is very useful for adding air and punch to your mix, specially when your using large amount of compression.<\/p>\n<p>Whenever a channel is muted, the signal is routed to the Alternate output. You can use this output for recording purposes or for sending the channel to an external effect.<\/p>\n<p>The Phones output is based on an unity gain, low noise and low distortion Texas Instruments\u00a9 amplifier. This output is a copy of the master output (with compression and Bliss), so you can also use it as a second output.<\/p>\n<p>B\u00e9b\u00e9 Ch\u00e9rie uses the best quality parts : ALPS\u00a9 pots, high-performance operational amplifiers, audiophile Panasonic\u00a9 film capacitors, THAT Corporation\u00a9 VCAs, Switchcraft\u00a9 3.5 mm connectors, metal enclosure. The power supply is internally boosted to +\/- 12 volts for pro audio headroom.<\/p>\n<p>B\u00e9b\u00e9 Ch\u00e9rie is specially designed for mixing 3.5 mm stereo Jacks sources, but can be used with any device using adapters.<\/p>\n<p>B\u00e9b\u00e9 Ch\u00e9rie is a very versatile box and can be used in many ways : mixer for compact live, analog summing for your audio interface, effect box (distortion, equalization, compression,\u2026)<\/p>\n","protected":false},"excerpt":{"rendered":"<p>B\u00e9b\u00e9 Ch\u00e9rie is a 6-channel stereo analog mixer with a one-knob compressor and a Bliss enhancer on the master bus.<\/p>\n<ul>\n<li>Full analog mixer<\/li>\n<li>4 channels with variable gain up to +34 dB, asymmetrical soft clipping and a tilt eq<\/li>\n<li>2 channels with Baxandall 2 bands eq and a 0\/+10 dB selectable input gain<\/li>\n<li>3:1 ratio one-knob compressor on the master bus<\/li>\n<li>Bliss hi frequency enhancer on the master bus<\/li>\n<li>Unity gain Hi Fidelity phones out. Can be used as a second master output<\/li>\n<li>Alternate output : whenever a channel is muted, it is routed to the Alt. Out<\/li>\n<li>24 volts internal power supply for pro audio dynamic range<\/li>\n<li>Rugged Switchcraft\u00a9 3.5 mm stereo mini-jack connectors<\/li>\n<li>Audiophile film capacitors used in the eq circuitry, low noise and low distortion op amp on the audio path, THAT Corporation\u00a9 VCAs, ALPS\u00a9 pots<\/li>\n<li>Dimensions : 290 x 145 x 62 mm, Weight : 1338 g<\/li>\n<li>Power supply included<\/li>\n<\/ul>\n","protected":false},"featured_media":17498,"comment_status":"open","ping_status":"closed","template":"","meta":[],"product_cat":[71],"product_tag":[],"woo-feed-brand":[],"class_list":["post-17496","product","type-product","status-publish","has-post-thumbnail","hentry","product_cat-effect-and-signal-processors"],"_links":{"self":[{"href":"https:\/\/rawmusicstore.com\/soundlab\/wp-json\/wp\/v2\/product\/17496","targetHints":{"allow":["GET"]}}],"collection":[{"href":"https:\/\/rawmusicstore.com\/soundlab\/wp-json\/wp\/v2\/product"}],"about":[{"href":"https:\/\/rawmusicstore.com\/soundlab\/wp-json\/wp\/v2\/types\/product"}],"replies":[{"embeddable":true,"href":"https:\/\/rawmusicstore.com\/soundlab\/wp-json\/wp\/v2\/comments?post=17496"}],"version-history":[{"count":1,"href":"https:\/\/rawmusicstore.com\/soundlab\/wp-json\/wp\/v2\/product\/17496\/revisions"}],"predecessor-version":[{"id":17497,"href":"https:\/\/rawmusicstore.com\/soundlab\/wp-json\/wp\/v2\/product\/17496\/revisions\/17497"}],"wp:featuredmedia":[{"embeddable":true,"href":"https:\/\/rawmusicstore.com\/soundlab\/wp-json\/wp\/v2\/media\/17498"}],"wp:attachment":[{"href":"https:\/\/rawmusicstore.com\/soundlab\/wp-json\/wp\/v2\/media?parent=17496"}],"wp:term":[{"taxonomy":"product_cat","embeddable":true,"href":"https:\/\/rawmusicstore.com\/soundlab\/wp-json\/wp\/v2\/product_cat?post=17496"},{"taxonomy":"product_tag","embeddable":true,"href":"https:\/\/rawmusicstore.com\/soundlab\/wp-json\/wp\/v2\/product_tag?post=17496"},{"taxonomy":"woo-feed-brand","embeddable":true,"href":"https:\/\/rawmusicstore.com\/soundlab\/wp-json\/wp\/v2\/woo-feed-brand?post=17496"}],"curies":[{"name":"wp","href":"https:\/\/api.w.org\/{rel}","templated":true}]}}